{"id":11,"date":"2026-04-03T10:20:19","date_gmt":"2026-04-03T03:20:19","guid":{"rendered":"https:\/\/kk55.solutions\/?page_id=11"},"modified":"2026-04-03T11:07:46","modified_gmt":"2026-04-03T04:07:46","slug":"kk55","status":"publish","type":"page","link":"https:\/\/kk55.deals\/","title":{"rendered":"kk55"},"content":{"rendered":"<div class=\"slider-wrapper relative\" id=\"slider-25497242\" >\n    <div class=\"slider slider-nav-circle slider-nav-large slider-nav-light slider-style-normal\"\n        data-flickity-options='{\n            \"cellAlign\": \"center\",\n            \"imagesLoaded\": true,\n            \"lazyLoad\": 1,\n            \"freeScroll\": false,\n            \"wrapAround\": true,\n            \"autoPlay\": 6000,\n            \"pauseAutoPlayOnHover\" : true,\n            \"prevNextButtons\": true,\n            \"contain\" : true,\n            \"adaptiveHeight\" : true,\n            \"dragThreshold\" : 10,\n            \"percentPosition\": true,\n            \"pageDots\": true,\n            \"rightToLeft\": false,\n            \"draggable\": true,\n            \"selectedAttraction\": 0.1,\n            \"parallax\" : 0,\n            \"friction\": 0.6        }'\n        >\n        \n\t<div class=\"img has-hover x md-x lg-x y md-y lg-y\" id=\"image_1434374123\">\n\t\t\t\t\t\t\t\t<div class=\"img-inner dark\" >\n\t\t\t<img loading=\"lazy\" decoding=\"async\" width=\"1920\" height=\"450\" src=\"https:\/\/kk55.deals\/wp-content\/uploads\/2026\/04\/trang-chu-kk55.png\" class=\"attachment-original size-original\" alt=\"trang-chu-kk55\" srcset=\"https:\/\/kk55.deals\/wp-content\/uploads\/2026\/04\/trang-chu-kk55.png 1920w, https:\/\/kk55.deals\/wp-content\/uploads\/2026\/04\/trang-chu-kk55-300x70.png 300w, https:\/\/kk55.deals\/wp-content\/uploads\/2026\/04\/trang-chu-kk55-1024x240.png 1024w, https:\/\/kk55.deals\/wp-content\/uploads\/2026\/04\/trang-chu-kk55-768x180.png 768w, https:\/\/kk55.deals\/wp-content\/uploads\/2026\/04\/trang-chu-kk55-1536x360.png 1536w\" sizes=\"auto, (max-width: 1920px) 100vw, 1920px\" \/>\t\t\t\t\t\t\n\t\t\t\t\t<\/div>\n\t\t\t\t\t\t\t\t\n<style>\n#image_1434374123 {\n  width: 100%;\n}\n<\/style>\n\t<\/div>\n\t\n     <\/div>\n\n     <div class=\"loading-spin dark large centered\"><\/div>\n\n\t<\/div>\n\n\n\t<section class=\"section\" id=\"section_918048983\">\n\t\t<div class=\"bg section-bg fill bg-fill  bg-loaded\" >\n\n\t\t\t\n\t\t\t\n\t\t\t\n\n\t\t<\/div>\n\n\t\t\n\n\t\t<div class=\"section-content relative\">\n\t\t\t\n<div class=\"row\"  id=\"row-1598989737\">\n\n\t<div id=\"col-326287086\" class=\"col medium-2 small-6 large-2\"  >\n\t\t\t\t<div class=\"col-inner\"  >\n\t\t\t\n\t\t\t\n\t<div class=\"img has-hover x md-x lg-x y md-y lg-y\" id=\"image_1844106145\">\n\t\t\t\t\t\t\t\t<div class=\"img-inner image-zoom dark\" >\n\t\t\t<img loading=\"lazy\" decoding=\"async\" width=\"180\" height=\"250\" src=\"https:\/\/kk55.deals\/wp-content\/uploads\/2026\/04\/thumb.png\" class=\"attachment-original size-original\" alt=\"thumb\" \/>\t\t\t\t\t\t\n\t\t\t\t\t<\/div>\n\t\t\t\t\t\t\t\t\n<style>\n#image_1844106145 {\n  width: 100%;\n}\n<\/style>\n\t<\/div>\n\t\n\t\t<\/div>\n\t\t\t\t\t<\/div>\n\n\t\n\n\t<div id=\"col-1012929412\" class=\"col medium-2 small-6 large-2\"  >\n\t\t\t\t<div class=\"col-inner\"  >\n\t\t\t\n\t\t\t\n\t<div class=\"img has-hover x md-x lg-x y md-y lg-y\" id=\"image_1730530050\">\n\t\t\t\t\t\t\t\t<div class=\"img-inner image-zoom dark\" >\n\t\t\t<img loading=\"lazy\" decoding=\"async\" width=\"180\" height=\"250\" src=\"https:\/\/kk55.deals\/wp-content\/uploads\/2026\/04\/thumb-copy.png\" class=\"attachment-original size-original\" alt=\"thumb-copy\" \/>\t\t\t\t\t\t\n\t\t\t\t\t<\/div>\n\t\t\t\t\t\t\t\t\n<style>\n#image_1730530050 {\n  width: 100%;\n}\n<\/style>\n\t<\/div>\n\t\n\t\t<\/div>\n\t\t\t\t\t<\/div>\n\n\t\n\n\t<div id=\"col-871705893\" class=\"col medium-2 small-6 large-2\"  >\n\t\t\t\t<div class=\"col-inner\"  >\n\t\t\t\n\t\t\t\n\t<div class=\"img has-hover x md-x lg-x y md-y lg-y\" id=\"image_1099798426\">\n\t\t\t\t\t\t\t\t<div class=\"img-inner image-zoom dark\" >\n\t\t\t<img loading=\"lazy\" decoding=\"async\" width=\"180\" height=\"250\" src=\"https:\/\/kk55.deals\/wp-content\/uploads\/2026\/04\/thumb-copy-3.png\" class=\"attachment-original size-original\" alt=\"thumb-copy-3\" \/>\t\t\t\t\t\t\n\t\t\t\t\t<\/div>\n\t\t\t\t\t\t\t\t\n<style>\n#image_1099798426 {\n  width: 100%;\n}\n<\/style>\n\t<\/div>\n\t\n\t\t<\/div>\n\t\t\t\t\t<\/div>\n\n\t\n\n\t<div id=\"col-788340291\" class=\"col medium-2 small-6 large-2\"  >\n\t\t\t\t<div class=\"col-inner\"  >\n\t\t\t\n\t\t\t\n\t<div class=\"img has-hover x md-x lg-x y md-y lg-y\" id=\"image_1921761107\">\n\t\t\t\t\t\t\t\t<div class=\"img-inner image-zoom dark\" >\n\t\t\t<img loading=\"lazy\" decoding=\"async\" width=\"180\" height=\"250\" src=\"https:\/\/kk55.deals\/wp-content\/uploads\/2026\/04\/thumb-copy-2.png\" class=\"attachment-original size-original\" alt=\"thumb-copy-2\" \/>\t\t\t\t\t\t\n\t\t\t\t\t<\/div>\n\t\t\t\t\t\t\t\t\n<style>\n#image_1921761107 {\n  width: 100%;\n}\n<\/style>\n\t<\/div>\n\t\n\t\t<\/div>\n\t\t\t\t\t<\/div>\n\n\t\n\n\t<div id=\"col-1287644914\" class=\"col medium-2 small-12 large-2\"  >\n\t\t\t\t<div class=\"col-inner\"  >\n\t\t\t\n\t\t\t\n\t<div class=\"img has-hover x md-x lg-x y md-y lg-y\" id=\"image_2018832909\">\n\t\t\t\t\t\t\t\t<div class=\"img-inner image-zoom dark\" >\n\t\t\t<img loading=\"lazy\" decoding=\"async\" width=\"180\" height=\"250\" src=\"https:\/\/kk55.deals\/wp-content\/uploads\/2026\/04\/thumb-copy-4.png\" class=\"attachment-original size-original\" alt=\"thumb-copy-4\" \/>\t\t\t\t\t\t\n\t\t\t\t\t<\/div>\n\t\t\t\t\t\t\t\t\n<style>\n#image_2018832909 {\n  width: 100%;\n}\n<\/style>\n\t<\/div>\n\t\n\t\t<\/div>\n\t\t\t\t\t<\/div>\n\n\t\n\n\t<div id=\"col-305689868\" class=\"col medium-2 small-12 large-2\"  >\n\t\t\t\t<div class=\"col-inner\"  >\n\t\t\t\n\t\t\t\n\t<div class=\"img has-hover x md-x lg-x y md-y lg-y\" id=\"image_2134126617\">\n\t\t\t\t\t\t\t\t<div class=\"img-inner image-zoom dark\" >\n\t\t\t<img loading=\"lazy\" decoding=\"async\" width=\"180\" height=\"250\" src=\"https:\/\/kk55.deals\/wp-content\/uploads\/2026\/04\/thumb-copy-5.png\" class=\"attachment-original size-original\" alt=\"thumb-copy-5\" \/>\t\t\t\t\t\t\n\t\t\t\t\t<\/div>\n\t\t\t\t\t\t\t\t\n<style>\n#image_2134126617 {\n  width: 100%;\n}\n<\/style>\n\t<\/div>\n\t\n\t\t<\/div>\n\t\t\t\t\t<\/div>\n\n\t\n<\/div>\n<div class=\"container section-title-container\" ><h1 class=\"section-title section-title-center\"><b><\/b><span class=\"section-title-main\" >KK55 \u2013 S\u00e2n Ch\u01a1i Tr\u1ef1c Tuy\u1ebfn Uy T\u00edn Ch\u00e2u \u00c1<\/span><b><\/b><\/h1><\/div>\n<div class=\"row\"  id=\"row-1275822283\">\n\n\t<div id=\"col-1754114360\" class=\"col small-12 large-12\"  >\n\t\t\t\t<div class=\"col-inner\"  >\n\t\t\t\n\t\t\t\n\t<div id=\"text-4124401360\" class=\"text boatop1\">\n\t\t\n<p>Lorem ipsum dolor sit amet, consectetuer adipiscing elit, sed diam nonummy nibh euismod tincidunt ut laoreet dolore magna aliquam erat volutpat.<\/p>\n\t\t\t<\/div>\n\t\n\t\t<\/div>\n\t\t\t\t\t<\/div>\n\n\t\n<\/div>\n<div class=\"row\"  id=\"row-1865526097\">\n\n\t<div id=\"col-1463620015\" class=\"col medium-5 small-12 large-5\"  >\n\t\t\t\t<div class=\"col-inner\"  >\n\t\t\t\n\t\t\t\n\t<div class=\"img has-hover x md-x lg-x y md-y lg-y\" id=\"image_1331207048\">\n\t\t\t\t\t\t\t\t<div class=\"img-inner dark\" >\n\t\t\t<img loading=\"lazy\" decoding=\"async\" width=\"1020\" height=\"1020\" src=\"https:\/\/kk55.deals\/wp-content\/uploads\/2026\/04\/742a61ef-83fd-4b28-abb3-681e196b29ad.png\" class=\"attachment-large size-large\" alt=\"742a61ef-83fd-4b28-abb3-681e196b29ad\" srcset=\"https:\/\/kk55.deals\/wp-content\/uploads\/2026\/04\/742a61ef-83fd-4b28-abb3-681e196b29ad.png 1024w, https:\/\/kk55.deals\/wp-content\/uploads\/2026\/04\/742a61ef-83fd-4b28-abb3-681e196b29ad-300x300.png 300w, https:\/\/kk55.deals\/wp-content\/uploads\/2026\/04\/742a61ef-83fd-4b28-abb3-681e196b29ad-150x150.png 150w, https:\/\/kk55.deals\/wp-content\/uploads\/2026\/04\/742a61ef-83fd-4b28-abb3-681e196b29ad-768x768.png 768w\" sizes=\"auto, (max-width: 1020px) 100vw, 1020px\" \/>\t\t\t\t\t\t\n\t\t\t\t\t<\/div>\n\t\t\t\t\t\t\t\t\n<style>\n#image_1331207048 {\n  width: 100%;\n}\n<\/style>\n\t<\/div>\n\t\n\t\t<\/div>\n\t\t\t\t\t<\/div>\n\n\t\n\n\t<div id=\"col-1661576125\" class=\"col medium-7 small-12 large-7\"  >\n\t\t\t\t<div class=\"col-inner\"  >\n\t\t\t\n\t\t\t\n\t<div class=\"img has-hover x md-x lg-x y md-y lg-y\" id=\"image_611145941\">\n\t\t\t\t\t\t\t\t<div class=\"img-inner dark\" >\n\t\t\t<img loading=\"lazy\" decoding=\"async\" width=\"1536\" height=\"1024\" src=\"https:\/\/kk55.deals\/wp-content\/uploads\/2026\/04\/137fe3bc-2d28-45bb-925e-15788b26dedd.png\" class=\"attachment-original size-original\" alt=\"137fe3bc-2d28-45bb-925e-15788b26dedd\" srcset=\"https:\/\/kk55.deals\/wp-content\/uploads\/2026\/04\/137fe3bc-2d28-45bb-925e-15788b26dedd.png 1536w, https:\/\/kk55.deals\/wp-content\/uploads\/2026\/04\/137fe3bc-2d28-45bb-925e-15788b26dedd-300x200.png 300w, https:\/\/kk55.deals\/wp-content\/uploads\/2026\/04\/137fe3bc-2d28-45bb-925e-15788b26dedd-1024x683.png 1024w, https:\/\/kk55.deals\/wp-content\/uploads\/2026\/04\/137fe3bc-2d28-45bb-925e-15788b26dedd-768x512.png 768w\" sizes=\"auto, (max-width: 1536px) 100vw, 1536px\" \/>\t\t\t\t\t\t\n\t\t\t\t\t<\/div>\n\t\t\t\t\t\t\t\t\n<style>\n#image_611145941 {\n  width: 100%;\n}\n<\/style>\n\t<\/div>\n\t\n\t\t<\/div>\n\t\t\t\t\t<\/div>\n\n\t\n<\/div>\n\t\t<\/div>\n\n\t\t\n<style>\n#section_918048983 {\n  padding-top: 30px;\n  padding-bottom: 30px;\n}\n<\/style>\n\t<\/section>\n\t\n","protected":false},"excerpt":{"rendered":"","protected":false},"author":1,"featured_media":0,"parent":0,"menu_order":0,"comment_status":"closed","ping_status":"closed","template":"page-blank.php","meta":{"footnotes":""},"class_list":["post-11","page","type-page","status-publish","hentry"],"_links":{"self":[{"href":"https:\/\/kk55.deals\/index.php?rest_route=\/wp\/v2\/pages\/11","targetHints":{"allow":["GET"]}}],"collection":[{"href":"https:\/\/kk55.deals\/index.php?rest_route=\/wp\/v2\/pages"}],"about":[{"href":"https:\/\/kk55.deals\/index.php?rest_route=\/wp\/v2\/types\/page"}],"author":[{"embeddable":true,"href":"https:\/\/kk55.deals\/index.php?rest_route=\/wp\/v2\/users\/1"}],"replies":[{"embeddable":true,"href":"https:\/\/kk55.deals\/index.php?rest_route=%2Fwp%2Fv2%2Fcomments&post=11"}],"version-history":[{"count":8,"href":"https:\/\/kk55.deals\/index.php?rest_route=\/wp\/v2\/pages\/11\/revisions"}],"predecessor-version":[{"id":73,"href":"https:\/\/kk55.deals\/index.php?rest_route=\/wp\/v2\/pages\/11\/revisions\/73"}],"wp:attachment":[{"href":"https:\/\/kk55.deals\/index.php?rest_route=%2Fwp%2Fv2%2Fmedia&parent=11"}],"curies":[{"name":"wp","href":"https:\/\/api.w.org\/{rel}","templated":true}]}}